{"id":553,"date":"2016-02-07T22:31:14","date_gmt":"2016-02-07T22:31:14","guid":{"rendered":"http:\/\/josequintanilla.com\/?page_id=553"},"modified":"2025-04-19T16:36:13","modified_gmt":"2025-04-19T16:36:13","slug":"publicaciones","status":"publish","type":"page","link":"https:\/\/josequintanilla.com\/?page_id=553","title":{"rendered":"Publicaciones"},"content":{"rendered":"<h2>Transcurso<\/h2>\n<p>Coedici\u00f3n de 300 ejemplares con la editorial Muertedero, tama\u00f1o cerrado de 15&#215;24 cm. Incluye un interesante ensayo de Natalia Alonso Arduengo, cr\u00edtica de arte y comisar\u00eda, que ha trabajado en varios proyectos con Jose Quintanilla y comparte su afici\u00f3n por la lectura. El libro contiene 40 fotograf\u00edas, todas ellas tomadas con pel\u00edcula en blanco y negro, entre Espa\u00f1a, Francia y Portugal.<\/p>\n<p><a href=\"https:\/\/josequintanilla.com\/wp-content\/uploads\/2025\/04\/montaje-web.jpg\"><img loading=\"lazy\" decoding=\"async\" class=\"aligncenter wp-image-1295 size-large\" src=\"https:\/\/josequintanilla.com\/wp-content\/uploads\/2025\/04\/montaje-web-1024x602.jpg\" alt=\"\" width=\"1024\" height=\"602\" srcset=\"https:\/\/josequintanilla.com\/wp-content\/uploads\/2025\/04\/montaje-web-1024x602.jpg 1024w, https:\/\/josequintanilla.com\/wp-content\/uploads\/2025\/04\/montaje-web-300x175.jpg 300w, https:\/\/josequintanilla.com\/wp-content\/uploads\/2025\/04\/montaje-web-768x451.jpg 768w, https:\/\/josequintanilla.com\/wp-content\/uploads\/2025\/04\/montaje-web-1536x903.jpg 1536w, https:\/\/josequintanilla.com\/wp-content\/uploads\/2025\/04\/montaje-web-2048x1204.jpg 2048w\" sizes=\"auto, (max-width: 1024px) 100vw, 1024px\" \/><\/a><\/p>\n<h2>Mi casa, mi \u00e1rbol<\/h2>\n<p>Libro auto editado, 150 ejemplares en dos ediciones (100 + 50), numerados y firmados por el autor. El libro recoge las fotograf\u00edas que componen el trabajo, mas textos de Jose Quintanilla, Irene Vaquerizo y Francisco Carpio, en castellano e ingl\u00e9s.<\/p>\n<p>Los 20 primeros ejemplares se vendieron en una caja especial para la ocasi\u00f3n que adem\u00e1s del libro conten\u00eda una copia numerada, firmada y enmarcada.<\/p>\n<p><a href=\"https:\/\/josequintanilla.com\/wp-content\/uploads\/2016\/02\/01_el_libro.jpg\"><img loading=\"lazy\" decoding=\"async\" class=\"wp-image-557 size-full aligncenter\" src=\"https:\/\/josequintanilla.com\/wp-content\/uploads\/2016\/02\/01_el_libro.jpg\" alt=\"\" width=\"877\" height=\"657\" srcset=\"https:\/\/josequintanilla.com\/wp-content\/uploads\/2016\/02\/01_el_libro.jpg 877w, https:\/\/josequintanilla.com\/wp-content\/uploads\/2016\/02\/01_el_libro-300x225.jpg 300w, https:\/\/josequintanilla.com\/wp-content\/uploads\/2016\/02\/01_el_libro-768x575.jpg 768w\" sizes=\"auto, (max-width: 877px) 100vw, 877px\" \/><\/a><\/p>\n<h2>Mi casa, mi \u00e1rbol<\/h2>\n<p>Editado por\u00a0<strong>Chucher\u00edas de Arte Ediciones\u00a0<\/strong>, incluido en la serie <a href=\"http:\/\/www.chucheriasdearte.com\/chucherias-de-arte\/productos\/foto_selecciones\/indice-FOTOSELECCION.html#\">Fotoselecciones<\/a><\/p>\n<p>Contiene 8 reproducciones de las serie en formato especial cuadrado para esta edici\u00f3n, m\u00e1s una reproducci\u00f3n para la cubierta en metacrilato con im\u00e1n.<\/p>\n<p><a href=\"https:\/\/josequintanilla.com\/wp-content\/uploads\/2016\/02\/chucherias_jose_quintanilla.jpg\"><img loading=\"lazy\" decoding=\"async\" class=\"aligncenter wp-image-701 size-large\" src=\"https:\/\/josequintanilla.com\/wp-content\/uploads\/2016\/02\/chucherias_jose_quintanilla-1024x367.jpg\" width=\"1024\" height=\"367\" srcset=\"https:\/\/josequintanilla.com\/wp-content\/uploads\/2016\/02\/chucherias_jose_quintanilla-1024x367.jpg 1024w, https:\/\/josequintanilla.com\/wp-content\/uploads\/2016\/02\/chucherias_jose_quintanilla-300x108.jpg 300w, https:\/\/josequintanilla.com\/wp-content\/uploads\/2016\/02\/chucherias_jose_quintanilla-768x276.jpg 768w, https:\/\/josequintanilla.com\/wp-content\/uploads\/2016\/02\/chucherias_jose_quintanilla.jpg 1477w\" sizes=\"auto, (max-width: 1024px) 100vw, 1024px\" \/><\/a><\/p>\n<h2>Mi casa, mi \u00e1rbol<\/h2>\n<p>Cat\u00e1logo editado por la Diputaci\u00f3n de Albacete con motivo de la exposici\u00f3n que tuvo lugar del 9 de marzo al 1 de abril de 2017 en el Centro Cultural La Asunci\u00f3n de Albacete, con texto de Francisco Carpio.<\/p>\n<p>24 p\u00e1ginas a color, tama\u00f1o cerrado 21 x 21 cm.<\/p>\n<p><a href=\"https:\/\/josequintanilla.com\/wp-content\/uploads\/2016\/02\/cat_albacete_2017.jpg\"><img loading=\"lazy\" decoding=\"async\" class=\"aligncenter size-full wp-image-778\" src=\"https:\/\/josequintanilla.com\/wp-content\/uploads\/2016\/02\/cat_albacete_2017.jpg\" alt=\"\" width=\"877\" height=\"657\" srcset=\"https:\/\/josequintanilla.com\/wp-content\/uploads\/2016\/02\/cat_albacete_2017.jpg 877w, https:\/\/josequintanilla.com\/wp-content\/uploads\/2016\/02\/cat_albacete_2017-300x225.jpg 300w, https:\/\/josequintanilla.com\/wp-content\/uploads\/2016\/02\/cat_albacete_2017-768x575.jpg 768w\" sizes=\"auto, (max-width: 877px) 100vw, 877px\" \/><\/a><\/p>\n<h2>El Rinc\u00f3n Feliz<\/h2>\n<p>Cat\u00e1logo editado por el Museo Barjola de Gij\u00f3n para la exposici\u00f3n colectiva El Rinc\u00f3n Feliz comisariada por Natalia Alonso y los artistas Federico Granell, Primoz Bxzjak, C\u00e9sar Lacalle, Christian Dom\u00ednguez, M\u00f3nica Dixon, Kela Koto y Rosell Meseguer.<\/p>\n<p>Contiene el relato de Henry James \u00abEl Rinc\u00f3n Feliz\u00bb en el que se basa la exposici\u00f3n. Formato cerrado 21 x 15 cm.<br \/>\n<a href=\"https:\/\/josequintanilla.com\/wp-content\/uploads\/2016\/02\/cat_barjola_2017.jpg\"><img loading=\"lazy\" decoding=\"async\" class=\"aligncenter wp-image-787 size-full\" src=\"https:\/\/josequintanilla.com\/wp-content\/uploads\/2016\/02\/cat_barjola_2017.jpg\" alt=\"\" width=\"877\" height=\"657\" srcset=\"https:\/\/josequintanilla.com\/wp-content\/uploads\/2016\/02\/cat_barjola_2017.jpg 877w, https:\/\/josequintanilla.com\/wp-content\/uploads\/2016\/02\/cat_barjola_2017-300x225.jpg 300w, https:\/\/josequintanilla.com\/wp-content\/uploads\/2016\/02\/cat_barjola_2017-768x575.jpg 768w\" sizes=\"auto, (max-width: 877px) 100vw, 877px\" \/><\/a><\/p>\n<h2>Nadastan Magazine<\/h2>\n<p>Revista iran\u00ed sobre arte y cultura contempor\u00e1neos, en su n\u00famero especial dedicado a la casa,editada en persa.<br \/>\n<a href=\"https:\/\/josequintanilla.com\/wp-content\/uploads\/2016\/02\/nadastan-1.jpg\"><img loading=\"lazy\" decoding=\"async\" class=\"aligncenter wp-image-901 size-full\" src=\"https:\/\/josequintanilla.com\/wp-content\/uploads\/2016\/02\/nadastan-1.jpg\" alt=\"\" width=\"877\" height=\"882\" srcset=\"https:\/\/josequintanilla.com\/wp-content\/uploads\/2016\/02\/nadastan-1.jpg 877w, https:\/\/josequintanilla.com\/wp-content\/uploads\/2016\/02\/nadastan-1-150x150.jpg 150w, https:\/\/josequintanilla.com\/wp-content\/uploads\/2016\/02\/nadastan-1-298x300.jpg 298w, https:\/\/josequintanilla.com\/wp-content\/uploads\/2016\/02\/nadastan-1-768x772.jpg 768w, https:\/\/josequintanilla.com\/wp-content\/uploads\/2016\/02\/nadastan-1-100x100.jpg 100w, https:\/\/josequintanilla.com\/wp-content\/uploads\/2016\/02\/nadastan-1-50x50.jpg 50w\" sizes=\"auto, (max-width: 877px) 100vw, 877px\" \/><\/a><\/p>\n<p><span style=\"border-top-left-radius: 2px; border-top-right-radius: 2px; border-bottom-right-radius: 2px; border-bottom-left-radius: 2px; text-indent: 20px; width: auto; padding: 0px 4px 0px 0px; text-align: center; font-style: normal; font-variant-caps: normal; font-weight: bold; font-size: 11px; line-height: 20px; font-family: 'Helvetica Neue', Helvetica, sans-serif; color: #ffffff; background-image: url(data:image\/svg+xml; base64,phn2zyb4bwxucz0iahr0cdovl3d3dy53my5vcmcvmjawmc9zdmciighlawdodd0imzbwecigd2lkdgg9ijmwchgiihzpzxdcb3g9ii0xic0xidmxidmxij48zz48cgf0acbkpsjnmjkundq5lde0ljy2mibdmjkundq5ldiyljcymiaymi44njgsmjkumju2ide0ljc1ldi5lji1nibdni42mzismjkumju2idaumduxldiyljcymiawlja1mswxnc42njigqzaumduxldyunjaxidyunjmyldaumdy3ide0ljc1ldaumdy3iemymi44njgsmc4wnjcgmjkundq5ldyunjaxidi5ljq0oswxnc42njiiigzpbgw9iinmzmyiihn0cm9rzt0ii2zmziigc3ryb2tllxdpzhropsixij48l3bhdgg+phbhdgggzd0itte0ljczmywxljy4nibdny41mtysms42odygms42njusny40otugms42njusmtqunjyyiemxljy2nswymc4xntkgns4xmdksmjquodu0idkuotcsmjyunzq0iem5ljg1niwyns43mtggos43ntmsmjqumtqzidewljaxniwymy4wmjigqzewlji1mywymi4wmsaxms41ndgsmtyuntcyidexlju0ocwxni41nzigqzexlju0ocwxni41nzigmteumtu3lde1ljc5nsaxms4xntcsmtqunjq2iemxms4xntcsmtiuodqyideyljixmswxms40otugmtmuntiyldexljq5nsbdmtqunjm3ldexljq5nsaxns4xnzusmtiumzi2ide1lje3nswxmy4zmjmgqze1lje3nswxnc40mzygmtqundyylde2ljegmtqumdkzlde3ljy0mybdmtmunzg1lde4ljkznsaxnc43ndusmtkuotg4ide2ljayocwxos45odggqze4ljm1mswxos45odggmjaumtm2lde3lju1niaymc4xmzysmtqumdq2iemymc4xmzysmtauotm5ide3ljg4ocw4ljc2nyaxnc42nzgsoc43njcgqzewljk1osw4ljc2nya4ljc3nywxms41mzygoc43nzcsmtqumzk4iem4ljc3nywxns41mtmgos4ymswxni43mdkgos43ndksmtcumzu5iem5ljg1niwxny40odggos44nzismtcunia5ljg0lde3ljczmsbdos43ndesmtgumtqxidkuntismtkumdizidkundc3lde5ljiwmybdos40miwxos40nca5lji4ocwxos40otegos4wncwxos4znzygqzcunda4lde4ljyymia2ljm4nywxni4yntigni4zodcsmtqumzq5iem2ljm4nywxmc4yntygos4zodmsni40otcgmtuumdiyldyundk3iemxos41ntusni40otcgmjmumdc4ldkunza1idizlja3ocwxmy45otegqzizlja3ocwxoc40njmgmjaumjm5ldiylja2miaxni4yotcsmjiumdyyiemxnc45nzmsmjiumdyyidezljcyocwyms4znzkgmtmumzayldiwlju3mibdmtmumzayldiwlju3miaxmi42ndcsmjmumdugmtiundg4ldizljy1nybdmtiumtkzldi0ljc4ncaxms4zotysmjyumtk2idewljg2mywyny4wntggqzeylja4niwyny40mzqgmtmumzg2ldi3ljyznyaxnc43mzmsmjcunjm3iemyms45nswyny42mzcgmjcuodaxldixljgyocayny44mdesmtqunjyyiemyny44mdesny40otugmjeuotusms42odygmtqunzmzldeunjg2iibmawxspsijymqwodfjij48l3bhdgg+pc9npjwvc3znpg==); background-size: 14px 14px; background-color: #bd081c; position: absolute; opacity: 1; z-index: 8675309; display: none; cursor: pointer; border: none; -webkit-font-smoothing: antialiased; top: 36px; left: 20px; background-position: 3px 50%; background-repeat: no-repeat no-repeat;\">Guardar<\/span><span style=\"border-top-left-radius: 2px; border-top-right-radius: 2px; border-bottom-right-radius: 2px; border-bottom-left-radius: 2px; text-indent: 20px; width: auto; padding: 0px 4px 0px 0px; text-align: center; font-style: normal; font-variant-caps: normal; font-weight: bold; font-size: 11px; line-height: 20px; font-family: 'Helvetica Neue', Helvetica, sans-serif; color: #ffffff; background-image: url(data:image\/svg+xml; base64,phn2zyb4bwxucz0iahr0cdovl3d3dy53my5vcmcvmjawmc9zdmciighlawdodd0imzbwecigd2lkdgg9ijmwchgiihzpzxdcb3g9ii0xic0xidmxidmxij48zz48cgf0acbkpsjnmjkundq5lde0ljy2mibdmjkundq5ldiyljcymiaymi44njgsmjkumju2ide0ljc1ldi5lji1nibdni42mzismjkumju2idaumduxldiyljcymiawlja1mswxnc42njigqzaumduxldyunjaxidyunjmyldaumdy3ide0ljc1ldaumdy3iemymi44njgsmc4wnjcgmjkundq5ldyunjaxidi5ljq0oswxnc42njiiigzpbgw9iinmzmyiihn0cm9rzt0ii2zmziigc3ryb2tllxdpzhropsixij48l3bhdgg+phbhdgggzd0itte0ljczmywxljy4nibdny41mtysms42odygms42njusny40otugms42njusmtqunjyyiemxljy2nswymc4xntkgns4xmdksmjquodu0idkuotcsmjyunzq0iem5ljg1niwyns43mtggos43ntmsmjqumtqzidewljaxniwymy4wmjigqzewlji1mywymi4wmsaxms41ndgsmtyuntcyidexlju0ocwxni41nzigqzexlju0ocwxni41nzigmteumtu3lde1ljc5nsaxms4xntcsmtqunjq2iemxms4xntcsmtiuodqyideyljixmswxms40otugmtmuntiyldexljq5nsbdmtqunjm3ldexljq5nsaxns4xnzusmtiumzi2ide1lje3nswxmy4zmjmgqze1lje3nswxnc40mzygmtqundyylde2ljegmtqumdkzlde3ljy0mybdmtmunzg1lde4ljkznsaxnc43ndusmtkuotg4ide2ljayocwxos45odggqze4ljm1mswxos45odggmjaumtm2lde3lju1niaymc4xmzysmtqumdq2iemymc4xmzysmtauotm5ide3ljg4ocw4ljc2nyaxnc42nzgsoc43njcgqzewljk1osw4ljc2nya4ljc3nywxms41mzygoc43nzcsmtqumzk4iem4ljc3nywxns41mtmgos4ymswxni43mdkgos43ndksmtcumzu5iem5ljg1niwxny40odggos44nzismtcunia5ljg0lde3ljczmsbdos43ndesmtgumtqxidkuntismtkumdizidkundc3lde5ljiwmybdos40miwxos40nca5lji4ocwxos40otegos4wncwxos4znzygqzcunda4lde4ljyymia2ljm4nywxni4yntigni4zodcsmtqumzq5iem2ljm4nywxmc4yntygos4zodmsni40otcgmtuumdiyldyundk3iemxos41ntusni40otcgmjmumdc4ldkunza1idizlja3ocwxmy45otegqzizlja3ocwxoc40njmgmjaumjm5ldiylja2miaxni4yotcsmjiumdyyiemxnc45nzmsmjiumdyyidezljcyocwyms4znzkgmtmumzayldiwlju3mibdmtmumzayldiwlju3miaxmi42ndcsmjmumdugmtiundg4ldizljy1nybdmtiumtkzldi0ljc4ncaxms4zotysmjyumtk2idewljg2mywyny4wntggqzeylja4niwyny40mzqgmtmumzg2ldi3ljyznyaxnc43mzmsmjcunjm3iemyms45nswyny42mzcgmjcuodaxldixljgyocayny44mdesmtqunjyyiemyny44mdesny40otugmjeuotusms42odygmtqunzmzldeunjg2iibmawxspsijymqwodfjij48l3bhdgg+pc9npjwvc3znpg==); background-size: 14px 14px; background-color: #bd081c; position: absolute; opacity: 1; z-index: 8675309; display: none; cursor: pointer; border: none; -webkit-font-smoothing: antialiased; top: 36px; left: 20px; background-position: 3px 50%; background-repeat: no-repeat no-repeat;\">Guardar<\/span><\/p>\n<p><span style=\"border-top-left-radius: 2px; border-top-right-radius: 2px; border-bottom-right-radius: 2px; border-bottom-left-radius: 2px; text-indent: 20px; width: auto; padding: 0px 4px 0px 0px; text-align: center; font-style: normal; font-variant-caps: normal; font-weight: bold; font-size: 11px; line-height: 20px; font-family: 'Helvetica Neue', Helvetica, sans-serif; color: #ffffff; background-image: url(data:image\/svg+xml; base64,phn2zyb4bwxucz0iahr0cdovl3d3dy53my5vcmcvmjawmc9zdmciighlawdodd0imzbwecigd2lkdgg9ijmwchgiihzpzxdcb3g9ii0xic0xidmxidmxij48zz48cgf0acbkpsjnmjkundq5lde0ljy2mibdmjkundq5ldiyljcymiaymi44njgsmjkumju2ide0ljc1ldi5lji1nibdni42mzismjkumju2idaumduxldiyljcymiawlja1mswxnc42njigqzaumduxldyunjaxidyunjmyldaumdy3ide0ljc1ldaumdy3iemymi44njgsmc4wnjcgmjkundq5ldyunjaxidi5ljq0oswxnc42njiiigzpbgw9iinmzmyiihn0cm9rzt0ii2zmziigc3ryb2tllxdpzhropsixij48l3bhdgg+phbhdgggzd0itte0ljczmywxljy4nibdny41mtysms42odygms42njusny40otugms42njusmtqunjyyiemxljy2nswymc4xntkgns4xmdksmjquodu0idkuotcsmjyunzq0iem5ljg1niwyns43mtggos43ntmsmjqumtqzidewljaxniwymy4wmjigqzewlji1mywymi4wmsaxms41ndgsmtyuntcyidexlju0ocwxni41nzigqzexlju0ocwxni41nzigmteumtu3lde1ljc5nsaxms4xntcsmtqunjq2iemxms4xntcsmtiuodqyideyljixmswxms40otugmtmuntiyldexljq5nsbdmtqunjm3ldexljq5nsaxns4xnzusmtiumzi2ide1lje3nswxmy4zmjmgqze1lje3nswxnc40mzygmtqundyylde2ljegmtqumdkzlde3ljy0mybdmtmunzg1lde4ljkznsaxnc43ndusmtkuotg4ide2ljayocwxos45odggqze4ljm1mswxos45odggmjaumtm2lde3lju1niaymc4xmzysmtqumdq2iemymc4xmzysmtauotm5ide3ljg4ocw4ljc2nyaxnc42nzgsoc43njcgqzewljk1osw4ljc2nya4ljc3nywxms41mzygoc43nzcsmtqumzk4iem4ljc3nywxns41mtmgos4ymswxni43mdkgos43ndksmtcumzu5iem5ljg1niwxny40odggos44nzismtcunia5ljg0lde3ljczmsbdos43ndesmtgumtqxidkuntismtkumdizidkundc3lde5ljiwmybdos40miwxos40nca5lji4ocwxos40otegos4wncwxos4znzygqzcunda4lde4ljyymia2ljm4nywxni4yntigni4zodcsmtqumzq5iem2ljm4nywxmc4yntygos4zodmsni40otcgmtuumdiyldyundk3iemxos41ntusni40otcgmjmumdc4ldkunza1idizlja3ocwxmy45otegqzizlja3ocwxoc40njmgmjaumjm5ldiylja2miaxni4yotcsmjiumdyyiemxnc45nzmsmjiumdyyidezljcyocwyms4znzkgmtmumzayldiwlju3mibdmtmumzayldiwlju3miaxmi42ndcsmjmumdugmtiundg4ldizljy1nybdmtiumtkzldi0ljc4ncaxms4zotysmjyumtk2idewljg2mywyny4wntggqzeylja4niwyny40mzqgmtmumzg2ldi3ljyznyaxnc43mzmsmjcunjm3iemyms45nswyny42mzcgmjcuodaxldixljgyocayny44mdesmtqunjyyiemyny44mdesny40otugmjeuotusms42odygmtqunzmzldeunjg2iibmawxspsijymqwodfjij48l3bhdgg+pc9npjwvc3znpg==); background-size: 14px 14px; background-color: #bd081c; position: absolute; opacity: 1; z-index: 8675309; display: none; cursor: pointer; border: none; -webkit-font-smoothing: antialiased; top: 1076px; left: 20px; background-position: 3px 50%; background-repeat: no-repeat no-repeat;\">Guardar<\/span><span style=\"border-top-left-radius: 2px; border-top-right-radius: 2px; border-bottom-right-radius: 2px; border-bottom-left-radius: 2px; text-indent: 20px; width: auto; padding: 0px 4px 0px 0px; text-align: center; font-style: normal; font-variant-caps: normal; font-weight: bold; font-size: 11px; line-height: 20px; font-family: 'Helvetica Neue', Helvetica, sans-serif; color: #ffffff; background-image: url(data:image\/svg+xml; base64,phn2zyb4bwxucz0iahr0cdovl3d3dy53my5vcmcvmjawmc9zdmciighlawdodd0imzbwecigd2lkdgg9ijmwchgiihzpzxdcb3g9ii0xic0xidmxidmxij48zz48cgf0acbkpsjnmjkundq5lde0ljy2mibdmjkundq5ldiyljcymiaymi44njgsmjkumju2ide0ljc1ldi5lji1nibdni42mzismjkumju2idaumduxldiyljcymiawlja1mswxnc42njigqzaumduxldyunjaxidyunjmyldaumdy3ide0ljc1ldaumdy3iemymi44njgsmc4wnjcgmjkundq5ldyunjaxidi5ljq0oswxnc42njiiigzpbgw9iinmzmyiihn0cm9rzt0ii2zmziigc3ryb2tllxdpzhropsixij48l3bhdgg+phbhdgggzd0itte0ljczmywxljy4nibdny41mtysms42odygms42njusny40otugms42njusmtqunjyyiemxljy2nswymc4xntkgns4xmdksmjquodu0idkuotcsmjyunzq0iem5ljg1niwyns43mtggos43ntmsmjqumtqzidewljaxniwymy4wmjigqzewlji1mywymi4wmsaxms41ndgsmtyuntcyidexlju0ocwxni41nzigqzexlju0ocwxni41nzigmteumtu3lde1ljc5nsaxms4xntcsmtqunjq2iemxms4xntcsmtiuodqyideyljixmswxms40otugmtmuntiyldexljq5nsbdmtqunjm3ldexljq5nsaxns4xnzusmtiumzi2ide1lje3nswxmy4zmjmgqze1lje3nswxnc40mzygmtqundyylde2ljegmtqumdkzlde3ljy0mybdmtmunzg1lde4ljkznsaxnc43ndusmtkuotg4ide2ljayocwxos45odggqze4ljm1mswxos45odggmjaumtm2lde3lju1niaymc4xmzysmtqumdq2iemymc4xmzysmtauotm5ide3ljg4ocw4ljc2nyaxnc42nzgsoc43njcgqzewljk1osw4ljc2nya4ljc3nywxms41mzygoc43nzcsmtqumzk4iem4ljc3nywxns41mtmgos4ymswxni43mdkgos43ndksmtcumzu5iem5ljg1niwxny40odggos44nzismtcunia5ljg0lde3ljczmsbdos43ndesmtgumtqxidkuntismtkumdizidkundc3lde5ljiwmybdos40miwxos40nca5lji4ocwxos40otegos4wncwxos4znzygqzcunda4lde4ljyymia2ljm4nywxni4yntigni4zodcsmtqumzq5iem2ljm4nywxmc4yntygos4zodmsni40otcgmtuumdiyldyundk3iemxos41ntusni40otcgmjmumdc4ldkunza1idizlja3ocwxmy45otegqzizlja3ocwxoc40njmgmjaumjm5ldiylja2miaxni4yotcsmjiumdyyiemxnc45nzmsmjiumdyyidezljcyocwyms4znzkgmtmumzayldiwlju3mibdmtmumzayldiwlju3miaxmi42ndcsmjmumdugmtiundg4ldizljy1nybdmtiumtkzldi0ljc4ncaxms4zotysmjyumtk2idewljg2mywyny4wntggqzeylja4niwyny40mzqgmtmumzg2ldi3ljyznyaxnc43mzmsmjcunjm3iemyms45nswyny42mzcgmjcuodaxldixljgyocayny44mdesmtqunjyyiemyny44mdesny40otugmjeuotusms42odygmtqunzmzldeunjg2iibmawxspsijymqwodfjij48l3bhdgg+pc9npjwvc3znpg==); background-size: 14px 14px; background-color: #bd081c; position: absolute; opacity: 1; z-index: 8675309; display: none; cursor: pointer; border: none; -webkit-font-smoothing: antialiased; top: 1076px; left: 20px; background-position: 3px 50%; background-repeat: no-repeat no-repeat;\">Guardar<\/span><\/p>\n","protected":false},"excerpt":{"rendered":"<p>Libros y publicaciones<\/p>\n","protected":false},"author":1,"featured_media":554,"parent":0,"menu_order":0,"comment_status":"closed","ping_status":"closed","template":"page-full-width.php","meta":{"footnotes":""},"class_list":["post-553","page","type-page","status-publish","has-post-thumbnail","hentry"],"aioseo_notices":[],"_links":{"self":[{"href":"https:\/\/josequintanilla.com\/index.php?rest_route=\/wp\/v2\/pages\/553","targetHints":{"allow":["GET"]}}],"collection":[{"href":"https:\/\/josequintanilla.com\/index.php?rest_route=\/wp\/v2\/pages"}],"about":[{"href":"https:\/\/josequintanilla.com\/index.php?rest_route=\/wp\/v2\/types\/page"}],"author":[{"embeddable":true,"href":"https:\/\/josequintanilla.com\/index.php?rest_route=\/wp\/v2\/users\/1"}],"replies":[{"embeddable":true,"href":"https:\/\/josequintanilla.com\/index.php?rest_route=%2Fwp%2Fv2%2Fcomments&post=553"}],"version-history":[{"count":20,"href":"https:\/\/josequintanilla.com\/index.php?rest_route=\/wp\/v2\/pages\/553\/revisions"}],"predecessor-version":[{"id":1297,"href":"https:\/\/josequintanilla.com\/index.php?rest_route=\/wp\/v2\/pages\/553\/revisions\/1297"}],"wp:featuredmedia":[{"embeddable":true,"href":"https:\/\/josequintanilla.com\/index.php?rest_route=\/wp\/v2\/media\/554"}],"wp:attachment":[{"href":"https:\/\/josequintanilla.com\/index.php?rest_route=%2Fwp%2Fv2%2Fmedia&parent=553"}],"curies":[{"name":"wp","href":"https:\/\/api.w.org\/{rel}","templated":true}]}}